{"id":2240,"date":"2024-11-04T21:20:03","date_gmt":"2024-11-04T21:20:03","guid":{"rendered":"https:\/\/ecopedagogy.ca\/?page_id=2240"},"modified":"2024-11-06T22:18:34","modified_gmt":"2024-11-06T22:18:34","slug":"cellphilms","status":"publish","type":"page","link":"https:\/\/ecopedagogy.ca\/fr\/cellphilms\/","title":{"rendered":"Cellphilms"},"content":{"rendered":"<div class=\"wp-block-cover alignfull\" style=\"padding-top:2%;min-height:30rem;aspect-ratio:unset;\"><span aria-hidden=\"true\" class=\"wp-block-cover__background has-background-dim-40 has-background-dim\" style=\"background-color:#3d3431\"><\/span><img loading=\"lazy\" decoding=\"async\" width=\"1920\" height=\"959\" class=\"wp-block-cover__image-background wp-image-2317\" alt=\"\" src=\"https:\/\/ecopedagogy.ca\/wp-content\/uploads\/2024\/11\/cellphilms.jpg\" data-object-fit=\"cover\" srcset=\"https:\/\/ecopedagogy.ca\/wp-content\/uploads\/2024\/11\/cellphilms.jpg 1920w, https:\/\/ecopedagogy.ca\/wp-content\/uploads\/2024\/11\/cellphilms-300x150.jpg 300w, https:\/\/ecopedagogy.ca\/wp-content\/uploads\/2024\/11\/cellphilms-1024x511.jpg 1024w, https:\/\/ecopedagogy.ca\/wp-content\/uploads\/2024\/11\/cellphilms-768x384.jpg 768w, https:\/\/ecopedagogy.ca\/wp-content\/uploads\/2024\/11\/cellphilms-1536x767.jpg 1536w\" sizes=\"(max-width: 1920px) 100vw, 1920px\" \/><div class=\"wp-block-cover__inner-container has-global-padding is-layout-constrained wp-container-core-cover-is-layout-1 wp-block-cover-is-layout-constrained\">\n<div class=\"wp-block-group alignwide is-vertical is-content-justification-center is-layout-flex wp-container-core-group-is-layout-2 wp-block-group-is-layout-flex\" style=\"min-height:8rem\">\n<div class=\"wp-block-group has-global-padding is-layout-constrained wp-container-core-group-is-layout-1 wp-block-group-is-layout-constrained\">\n<h2 class=\"wp-block-heading has-text-align-center has-text-color\" style=\"color:#ffffff;margin-top:0rem;margin-bottom:1.01rem;font-size:clamp(2.071rem, 2.071rem + ((1vw - 0.2rem) * 2.98), 3.71rem);font-style:normal;font-weight:400;line-height:1;text-transform:capitalize\"><strong>50 cellphilms<\/strong><\/h2>\n<\/div>\n<\/div>\n<\/div><\/div>\n\n\n\n<section class=\"wp-block-group alignfull has-text-color has-background is-vertical is-content-justification-center is-layout-flex wp-container-core-group-is-layout-3 wp-block-group-is-layout-flex\" style=\"color:#03081e;background-color:#895f5f;margin-top:0px;padding-top:0rem;padding-right:0;padding-bottom:0rem;padding-left:0;font-size:clamp(0.875rem, 0.875rem + ((1vw - 0.2rem) * 0.464), 1.13rem);font-style:normal;font-weight:400;line-height:1.4\">\n<p class=\"has-text-align-center has-text-color has-link-color has-large-font-size wp-elements-0da9b934d40dec4cf7b6572fd379e252\" style=\"color:#4ce7ff;margin-top:var(--wp--preset--spacing--50);margin-bottom:var(--wp--preset--spacing--50);padding-top:var(--wp--preset--spacing--60);padding-bottom:var(--wp--preset--spacing--60)\"><strong>Visionner les cellphilms <\/strong><a href=\"https:\/\/www.youtube.com\/playlist?list=PLf9EH7EAN1JLQPLnV5Q7bhgTn8y_bogq1\">ICI<\/a><\/p>\n<\/section>\n\n\n\n<div class=\"wp-block-group has-global-padding is-layout-constrained wp-block-group-is-layout-constrained\" style=\"margin-top:var(--wp--preset--spacing--50);margin-bottom:var(--wp--preset--spacing--50)\">\n<h3 class=\"wp-block-heading has-text-align-center has-text-color has-link-color wp-elements-1f21360ff954dcf91d591aff923cb16e\" style=\"color:#ff0000\"><strong>Avant de visionner<\/strong><\/h3>\n\n\n\n<p style=\"padding-top:var(--wp--preset--spacing--50);padding-bottom:var(--wp--preset--spacing--50)\">L'id\u00e9e de cette recherche sur la praxis \u00e9cop\u00e9dagogique est de comprendre comment enseigner aux jeunes apprenants \u00e0 s'engager, \u00e0 comprendre et \u00e0 r\u00e9fl\u00e9chir sur l'environnement, d'une mani\u00e8re locale et personnelle, en utilisant des appareils d'enregistrement num\u00e9riques. L'\u00e9cop\u00e9dagogie aborde une vari\u00e9t\u00e9 de ph\u00e9nom\u00e8nes environnementaux tels que l'\u00e9co-justice, le r\u00e9chauffement climatique, la pollution, l'\u00e9cocide et l'extraction. Elle inclut une r\u00e9flexion sur les relations sensuelles, affectives et \u00e9motionnelles avec les \u00eatres humains et les \u00eatres plus qu'humains. Gr\u00e2ce \u00e0 ce type d'observation filmique silencieuse, concentr\u00e9e et \u00e0 cet engagement sensuel, j'esp\u00e8re d\u00e9couvrir ce qui pousse les jeunes apprenants \u00e0 cr\u00e9er une relation communautaire et de parent\u00e9 avec les humains et les plus-que-humains.<\/p>\n\n\n\n<p style=\"padding-top:var(--wp--preset--spacing--50);padding-bottom:var(--wp--preset--spacing--50)\">Pour ce faire, je vous demande de participer \u00e0 la recherche en regardant attentivement et sans interf\u00e9rence une vid\u00e9o de votre choix et d'ajouter des commentaires priv\u00e9s \u00e0 la fin de la vid\u00e9o qui refl\u00e8tent ce que vous avez ressenti, appris et ressenti en la regardant.<br><br>Merci.<\/p>\n<\/div>\n\n\n\n<p><\/p>","protected":false},"excerpt":{"rendered":"<p>Watch cellphilms HERE BEFORE WATCHING The idea with this research into ecopedagogic praxis is to understand how to teach young learners to engage, understand and reflect on the environment, in a local and personal manner using digital recording devices. &nbsp;Ecopedagogy addresses a variety of environmental phenomena such as eco-justice, global warming, pollution, ecocide and extraction. [&hellip;]<\/p>","protected":false},"author":1,"featured_media":0,"parent":0,"menu_order":0,"comment_status":"closed","ping_status":"closed","template":"","meta":{"footnotes":""},"class_list":["post-2240","page","type-page","status-publish","hentry"],"_links":{"self":[{"href":"https:\/\/ecopedagogy.ca\/fr\/wp-json\/wp\/v2\/pages\/2240"}],"collection":[{"href":"https:\/\/ecopedagogy.ca\/fr\/wp-json\/wp\/v2\/pages"}],"about":[{"href":"https:\/\/ecopedagogy.ca\/fr\/wp-json\/wp\/v2\/types\/page"}],"author":[{"embeddable":true,"href":"https:\/\/ecopedagogy.ca\/fr\/wp-json\/wp\/v2\/users\/1"}],"replies":[{"embeddable":true,"href":"https:\/\/ecopedagogy.ca\/fr\/wp-json\/wp\/v2\/comments?post=2240"}],"version-history":[{"count":24,"href":"https:\/\/ecopedagogy.ca\/fr\/wp-json\/wp\/v2\/pages\/2240\/revisions"}],"predecessor-version":[{"id":2347,"href":"https:\/\/ecopedagogy.ca\/fr\/wp-json\/wp\/v2\/pages\/2240\/revisions\/2347"}],"wp:attachment":[{"href":"https:\/\/ecopedagogy.ca\/fr\/wp-json\/wp\/v2\/media?parent=2240"}],"curies":[{"name":"wp","href":"https:\/\/api.w.org\/{rel}","templated":true}]}}