{"id":2238,"date":"2024-11-04T21:19:27","date_gmt":"2024-11-04T21:19:27","guid":{"rendered":"https:\/\/ecopedagogy.ca\/?page_id=2238"},"modified":"2024-11-06T22:49:43","modified_gmt":"2024-11-06T22:49:43","slug":"about","status":"publish","type":"page","link":"https:\/\/ecopedagogy.ca\/fr\/about\/","title":{"rendered":"\u00c0 propos"},"content":{"rendered":"<div class=\"wp-block-cover alignfull\" style=\"padding-top:2%;min-height:30rem;aspect-ratio:unset;\"><span aria-hidden=\"true\" class=\"wp-block-cover__background has-background-dim-40 has-background-dim\" style=\"background-color:#3d3431\"><\/span><img loading=\"lazy\" decoding=\"async\" width=\"1920\" height=\"933\" class=\"wp-block-cover__image-background wp-image-2298\" alt=\"\" src=\"https:\/\/ecopedagogy.ca\/wp-content\/uploads\/2024\/11\/contact-top-1.jpg\" data-object-fit=\"cover\" srcset=\"https:\/\/ecopedagogy.ca\/wp-content\/uploads\/2024\/11\/contact-top-1.jpg 1920w, https:\/\/ecopedagogy.ca\/wp-content\/uploads\/2024\/11\/contact-top-1-300x146.jpg 300w, https:\/\/ecopedagogy.ca\/wp-content\/uploads\/2024\/11\/contact-top-1-1024x498.jpg 1024w, https:\/\/ecopedagogy.ca\/wp-content\/uploads\/2024\/11\/contact-top-1-768x373.jpg 768w, https:\/\/ecopedagogy.ca\/wp-content\/uploads\/2024\/11\/contact-top-1-1536x746.jpg 1536w\" sizes=\"(max-width: 1920px) 100vw, 1920px\" \/><div class=\"wp-block-cover__inner-container has-global-padding is-layout-constrained wp-container-core-cover-is-layout-1 wp-block-cover-is-layout-constrained\">\n<div class=\"wp-block-group alignwide is-vertical is-content-justification-center is-layout-flex wp-container-core-group-is-layout-2 wp-block-group-is-layout-flex\" style=\"min-height:8rem\">\n<div class=\"wp-block-group has-global-padding is-layout-constrained wp-container-core-group-is-layout-1 wp-block-group-is-layout-constrained\">\n<h2 class=\"wp-block-heading has-text-align-center has-text-color translation-block\" style=\"color:#ffffff;margin-top:0rem;margin-bottom:1.01rem;font-size:clamp(2.071rem, 2.071rem + ((1vw - 0.2rem) * 2.98), 3.71rem);font-style:normal;font-weight:400;line-height:1;text-transform:capitalize\">D\u00e9couvrez l'\u00c9cop\u00e9dagogie par les Cellphilms<\/h2>\n<\/div>\n<\/div>\n<\/div><\/div>\n\n\n\n<section class=\"wp-block-group alignfull has-text-color has-global-padding is-layout-constrained wp-container-core-group-is-layout-5 wp-block-group-is-layout-constrained\" style=\"color:#03081e;margin-top:0px;padding-top:6.51rem;padding-right:1rem;padding-bottom:5.5rem;padding-left:1rem;font-size:clamp(0.875rem, 0.875rem + ((1vw - 0.2rem) * 0.464), 1.13rem);font-style:normal;font-weight:400;line-height:1.4\">\n<div class=\"wp-block-columns is-layout-flex wp-container-core-columns-is-layout-1 wp-block-columns-is-layout-flex\" style=\"margin-bottom:0px\">\n<div class=\"wp-block-column has-global-padding is-content-justification-left is-layout-constrained wp-container-core-column-is-layout-1 wp-block-column-is-layout-constrained\" style=\"flex-basis:45%\">\n<figure class=\"wp-block-image aligncenter size-full is-resized has-custom-border\"><img loading=\"lazy\" decoding=\"async\" width=\"445\" height=\"660\" src=\"https:\/\/ecopedagogy.ca\/wp-content\/uploads\/2024\/11\/quuen-of-the-night.jpg\" alt=\"\" class=\"wp-image-2270\" style=\"border-radius:28px;width:446px\" srcset=\"https:\/\/ecopedagogy.ca\/wp-content\/uploads\/2024\/11\/quuen-of-the-night.jpg 445w, https:\/\/ecopedagogy.ca\/wp-content\/uploads\/2024\/11\/quuen-of-the-night-202x300.jpg 202w\" sizes=\"(max-width: 445px) 100vw, 445px\" \/><\/figure>\n<\/div>\n\n\n\n<div class=\"wp-block-column is-layout-flow wp-block-column-is-layout-flow\">\n<div class=\"wp-block-group is-vertical is-content-justification-left is-layout-flex wp-container-core-group-is-layout-4 wp-block-group-is-layout-flex\" style=\"min-height:100%\">\n<div class=\"wp-block-group has-global-padding is-content-justification-center is-layout-constrained wp-container-core-group-is-layout-3 wp-block-group-is-layout-constrained\">\n<h3 class=\"wp-block-heading has-text-align-left has-text-color\" style=\"color:#07277c;margin-top:0.5rem;margin-bottom:1.01rem;font-size:clamp(1.556rem, 1.556rem + ((1vw - 0.2rem) * 1.916), 2.61rem);font-style:normal;font-weight:500;letter-spacing:0px;line-height:1.3;text-transform:capitalize\">Le But<\/h3>\n\n\n\n<p class=\"has-text-align-left has-text-color\" style=\"color:#03081e;margin-top:0rem;font-size:clamp(0.875rem, 0.875rem + ((1vw - 0.2rem) * 0.609), 1.21rem);font-style:normal;font-weight:400;line-height:1.6\">Ce site contient 50 films cellulaires dans le cadre de la th\u00e8se recherche cr\u00e9ation de Bachar Chbib, candidat au doctorat \u00e0 l'UQAM. Veuillez commenter vos sentiments, pens\u00e9es, \u00e9motions et r\u00e9actions visc\u00e9rales, y compris vos r\u00e9actions socio-politiques et culturelles. Nous recherchons surtout une description des sens, les affects, les sentiments de parent\u00e9, etc. qui vous viennent \u00e0 l'esprit lorsque vous regardez les courts-m\u00e9trages. Les r\u00e9flexions seront int\u00e9gr\u00e9es dans la th\u00e8se. Nous proposons un moyen d'am\u00e9liorer l'apprentissage de l'\u00e9cop\u00e9dagogie en apprenant aux \u00e9tudiants \u00e0 utiliser des appareils d'enregistrement num\u00e9riques et \u00e0 filmer de courts films auto-ethnographiques avec d'autres humains et des entit\u00e9s plus qu'humaines (telles que les animaux, plantes, insectes, pierres, ainsi que l'air, l'eau, les r\u00eaves, les chansons, les id\u00e9es, toutes les autres entit\u00e9s). La th\u00e8se souhaite comprendre les formes d'identification, de citoyennet\u00e9 et de parent\u00e9 qui peuvent \u00eatre produites en pratiquant cette \u00e9cop\u00e9dagogie autoethnographique et cellphilmique.<\/p>\n\n\n\n<p class=\"has-text-align-left has-text-color\" style=\"color:#03081e;margin-top:2rem;font-size:clamp(0.875rem, 0.875rem + ((1vw - 0.2rem) * 0.609), 1.21rem);font-style:normal;font-weight:400;line-height:1.6\"><\/p>\n<\/div>\n<\/div>\n<\/div>\n<\/div>\n<\/section>\n\n\n\n<section class=\"wp-block-cover alignfull\" style=\"margin-top:0px;padding-bottom:8.6rem;min-height:618px;aspect-ratio:unset;\"><span aria-hidden=\"true\" class=\"wp-block-cover__background has-background-dim-30 has-background-dim\" style=\"background-color:#495726\"><\/span><img loading=\"lazy\" decoding=\"async\" width=\"1920\" height=\"934\" class=\"wp-block-cover__image-background wp-image-2271\" alt=\"\" src=\"https:\/\/ecopedagogy.ca\/wp-content\/uploads\/2024\/11\/bottom-about-e1730830618421.jpg\" data-object-fit=\"cover\" srcset=\"https:\/\/ecopedagogy.ca\/wp-content\/uploads\/2024\/11\/bottom-about-e1730830618421.jpg 1920w, https:\/\/ecopedagogy.ca\/wp-content\/uploads\/2024\/11\/bottom-about-e1730830618421-300x146.jpg 300w, https:\/\/ecopedagogy.ca\/wp-content\/uploads\/2024\/11\/bottom-about-e1730830618421-1024x498.jpg 1024w, https:\/\/ecopedagogy.ca\/wp-content\/uploads\/2024\/11\/bottom-about-e1730830618421-768x374.jpg 768w, https:\/\/ecopedagogy.ca\/wp-content\/uploads\/2024\/11\/bottom-about-e1730830618421-1536x747.jpg 1536w\" sizes=\"(max-width: 1920px) 100vw, 1920px\" \/><div class=\"wp-block-cover__inner-container has-global-padding is-layout-constrained wp-container-core-cover-is-layout-2 wp-block-cover-is-layout-constrained\">\n<div class=\"wp-block-group alignfull has-text-color has-global-padding is-layout-constrained wp-container-core-group-is-layout-9 wp-block-group-is-layout-constrained\" style=\"color:#252525;margin-top:0px;padding-top:0rem;padding-right:1rem;padding-bottom:0rem;padding-left:1rem;font-size:clamp(0.875rem, 0.875rem + ((1vw - 0.2rem) * 0.464), 1.13rem);font-style:normal;font-weight:400;line-height:1.4\">\n<div class=\"wp-block-group is-vertical is-content-justification-center is-layout-flex wp-container-core-group-is-layout-8 wp-block-group-is-layout-flex\" style=\"min-height:0px;margin-top:0;margin-bottom:0;padding-top:0;padding-bottom:0\">\n<div class=\"wp-block-group has-global-padding is-layout-constrained wp-container-core-group-is-layout-7 wp-block-group-is-layout-constrained\" style=\"margin-top:0;margin-bottom:0;padding-top:0;padding-right:0;padding-bottom:0;padding-left:0\">\n<h2 class=\"wp-block-heading has-text-align-center has-text-color\" style=\"color:#ffffff;margin-bottom:0rem;padding-top:0;padding-right:0;padding-bottom:0;padding-left:0;font-size:clamp(1.198rem, 1.198rem + ((1vw - 0.2rem) * 1.276), 1.9rem);font-style:normal;font-weight:500;line-height:1.2;text-transform:capitalize\"><strong>En savoir plus sur l'\u00e9cop\u00e9dagogie:<\/strong><\/h2>\n\n\n\n<div class=\"wp-block-group is-content-justification-center is-nowrap is-layout-flex wp-container-core-group-is-layout-6 wp-block-group-is-layout-flex\" style=\"margin-top:var(--wp--preset--spacing--70);margin-bottom:var(--wp--preset--spacing--70);padding-right:0;padding-left:0\">\n<figure class=\"wp-block-embed is-type-video is-provider-youtube wp-block-embed-youtube wp-embed-aspect-16-9 wp-has-aspect-ratio\"><div class=\"wp-block-embed__wrapper\">\n<div  id=\"_ytid_24412\"  width=\"800\" height=\"450\"  data-origwidth=\"800\" data-origheight=\"450\" data-facadesrc=\"https:\/\/www.youtube.com\/embed\/vLv_qisXqWU?enablejsapi=1&#038;autoplay=0&#038;cc_load_policy=0&#038;iv_load_policy=1&#038;loop=0&#038;modestbranding=0&#038;fs=1&#038;playsinline=0&#038;controls=1&#038;color=red&#038;cc_lang_pref=&#038;rel=1&#038;autohide=2&#038;theme=dark&#038;\" class=\"__youtube_prefs__ epyt-facade epyt-is-override  no-lazyload\" data-epautoplay=\"1\" ><img decoding=\"async\" data-spai-excluded=\"true\" class=\"epyt-facade-poster skip-lazy\" loading=\"lazy\"  alt=\"YouTube player\"  src=\"https:\/\/i.ytimg.com\/vi\/vLv_qisXqWU\/maxresdefault.jpg\"  \/><button class=\"epyt-facade-play\" aria-label=\"Play\"><svg data-no-lazy=\"1\" height=\"100%\" version=\"1.1\" viewbox=\"0 0 68 48\" width=\"100%\"><path class=\"ytp-large-play-button-bg\" d=\"M66.52,7.74c-0.78-2.93-2.49-5.41-5.42-6.19C55.79,.13,34,0,34,0S12.21,.13,6.9,1.55 C3.97,2.33,2.27,4.81,1.48,7.74C0.06,13.05,0,24,0,24s0.06,10.95,1.48,16.26c0.78,2.93,2.49,5.41,5.42,6.19 C12.21,47.87,34,48,34,48s21.79-0.13,27.1-1.55c2.93-0.78,4.64-3.26,5.42-6.19C67.94,34.95,68,24,68,24S67.94,13.05,66.52,7.74z\" fill=\"#f00\"><\/path><path d=\"M 45,24 27,14 27,34\" fill=\"#fff\"><\/path><\/svg><\/button><\/div>\n<\/div><\/figure>\n\n\n\n<figure class=\"wp-block-embed is-type-video is-provider-youtube wp-block-embed-youtube wp-embed-aspect-16-9 wp-has-aspect-ratio\"><div class=\"wp-block-embed__wrapper\">\n<div  id=\"_ytid_57857\"  width=\"800\" height=\"450\"  data-origwidth=\"800\" data-origheight=\"450\" data-facadesrc=\"https:\/\/www.youtube.com\/embed\/38ttQDI5VtY?enablejsapi=1&#038;autoplay=0&#038;cc_load_policy=0&#038;iv_load_policy=1&#038;loop=0&#038;modestbranding=0&#038;fs=1&#038;playsinline=0&#038;controls=1&#038;color=red&#038;cc_lang_pref=&#038;rel=1&#038;autohide=2&#038;theme=dark&#038;\" class=\"__youtube_prefs__ epyt-facade epyt-is-override  no-lazyload\" data-epautoplay=\"1\" ><img decoding=\"async\" data-spai-excluded=\"true\" class=\"epyt-facade-poster skip-lazy\" loading=\"lazy\"  alt=\"YouTube player\"  src=\"https:\/\/i.ytimg.com\/vi\/38ttQDI5VtY\/maxresdefault.jpg\"  \/><button class=\"epyt-facade-play\" aria-label=\"Play\"><svg data-no-lazy=\"1\" height=\"100%\" version=\"1.1\" viewbox=\"0 0 68 48\" width=\"100%\"><path class=\"ytp-large-play-button-bg\" d=\"M66.52,7.74c-0.78-2.93-2.49-5.41-5.42-6.19C55.79,.13,34,0,34,0S12.21,.13,6.9,1.55 C3.97,2.33,2.27,4.81,1.48,7.74C0.06,13.05,0,24,0,24s0.06,10.95,1.48,16.26c0.78,2.93,2.49,5.41,5.42,6.19 C12.21,47.87,34,48,34,48s21.79-0.13,27.1-1.55c2.93-0.78,4.64-3.26,5.42-6.19C67.94,34.95,68,24,68,24S67.94,13.05,66.52,7.74z\" fill=\"#f00\"><\/path><path d=\"M 45,24 27,14 27,34\" fill=\"#fff\"><\/path><\/svg><\/button><\/div>\n<\/div><\/figure>\n\n\n\n<figure class=\"wp-block-embed is-type-video is-provider-youtube wp-block-embed-youtube wp-embed-aspect-16-9 wp-has-aspect-ratio\"><div class=\"wp-block-embed__wrapper\">\n<div  id=\"_ytid_35287\"  width=\"800\" height=\"450\"  data-origwidth=\"800\" data-origheight=\"450\" data-facadesrc=\"https:\/\/www.youtube.com\/embed\/pY9Ufg-Ff5c?enablejsapi=1&#038;autoplay=0&#038;cc_load_policy=0&#038;iv_load_policy=1&#038;loop=0&#038;modestbranding=0&#038;fs=1&#038;playsinline=0&#038;controls=1&#038;color=red&#038;cc_lang_pref=&#038;rel=1&#038;autohide=2&#038;theme=dark&#038;\" class=\"__youtube_prefs__ epyt-facade epyt-is-override  no-lazyload\" data-epautoplay=\"1\" ><img decoding=\"async\" data-spai-excluded=\"true\" class=\"epyt-facade-poster skip-lazy\" loading=\"lazy\"  alt=\"YouTube player\"  src=\"https:\/\/i.ytimg.com\/vi\/pY9Ufg-Ff5c\/maxresdefault.jpg\"  \/><button class=\"epyt-facade-play\" aria-label=\"Play\"><svg data-no-lazy=\"1\" height=\"100%\" version=\"1.1\" viewbox=\"0 0 68 48\" width=\"100%\"><path class=\"ytp-large-play-button-bg\" d=\"M66.52,7.74c-0.78-2.93-2.49-5.41-5.42-6.19C55.79,.13,34,0,34,0S12.21,.13,6.9,1.55 C3.97,2.33,2.27,4.81,1.48,7.74C0.06,13.05,0,24,0,24s0.06,10.95,1.48,16.26c0.78,2.93,2.49,5.41,5.42,6.19 C12.21,47.87,34,48,34,48s21.79-0.13,27.1-1.55c2.93-0.78,4.64-3.26,5.42-6.19C67.94,34.95,68,24,68,24S67.94,13.05,66.52,7.74z\" fill=\"#f00\"><\/path><path d=\"M 45,24 27,14 27,34\" fill=\"#fff\"><\/path><\/svg><\/button><\/div>\n<\/div><\/figure>\n<\/div>\n<\/div>\n<\/div>\n<\/div>\n<\/div><\/section>","protected":false},"excerpt":{"rendered":"<p>The goal This website contains 50 cellphilms as part of the research creation dissertation by UQAM PhD candidate Bachar Chbib. Please comment your feelings, thoughts, emotions, and visceral feedback, including if you wish your political, social and cultural reactions but mostly we are seeking a description of the senses, affects, feelings of kinship, etc. that [&hellip;]<\/p>","protected":false},"author":1,"featured_media":0,"parent":0,"menu_order":0,"comment_status":"closed","ping_status":"closed","template":"","meta":{"footnotes":""},"class_list":["post-2238","page","type-page","status-publish","hentry"],"_links":{"self":[{"href":"https:\/\/ecopedagogy.ca\/fr\/wp-json\/wp\/v2\/pages\/2238"}],"collection":[{"href":"https:\/\/ecopedagogy.ca\/fr\/wp-json\/wp\/v2\/pages"}],"about":[{"href":"https:\/\/ecopedagogy.ca\/fr\/wp-json\/wp\/v2\/types\/page"}],"author":[{"embeddable":true,"href":"https:\/\/ecopedagogy.ca\/fr\/wp-json\/wp\/v2\/users\/1"}],"replies":[{"embeddable":true,"href":"https:\/\/ecopedagogy.ca\/fr\/wp-json\/wp\/v2\/comments?post=2238"}],"version-history":[{"count":27,"href":"https:\/\/ecopedagogy.ca\/fr\/wp-json\/wp\/v2\/pages\/2238\/revisions"}],"predecessor-version":[{"id":2359,"href":"https:\/\/ecopedagogy.ca\/fr\/wp-json\/wp\/v2\/pages\/2238\/revisions\/2359"}],"wp:attachment":[{"href":"https:\/\/ecopedagogy.ca\/fr\/wp-json\/wp\/v2\/media?parent=2238"}],"curies":[{"name":"wp","href":"https:\/\/api.w.org\/{rel}","templated":true}]}}